{"id":775,"date":"2025-02-10T20:01:11","date_gmt":"2025-02-10T20:01:11","guid":{"rendered":"http:\/\/kareyapi.com\/?page_id=775"},"modified":"2025-02-11T21:18:46","modified_gmt":"2025-02-11T21:18:46","slug":"3-rusya-savunma-bakanligi-schaikowka-askeri-konut-ve-sosyal-teknik-binalari","status":"publish","type":"page","link":"https:\/\/kareyapi.com\/?page_id=775","title":{"rendered":"3-Rusya Savunma Bakanl\u0131\u011f\u0131 Schaikowka Askeri Konut ve Sosyal Teknik Binalar\u0131"},"content":{"rendered":"\t\t<div data-elementor-type=\"wp-page\" data-elementor-id=\"775\" class=\"elementor elementor-775\">\n\t\t\t\t<div class=\"elementor-element elementor-element-b9f9e3a e-flex e-con-boxed wpr-particle-no wpr-jarallax-no wpr-parallax-no wpr-sticky-section-no wpr-equal-height-no e-con e-parent\" data-id=\"b9f9e3a\" data-element_type=\"container\" data-e-type=\"container\" data-settings=\"{&quot;background_background&quot;:&quot;gradient&quot;,&quot;shape_divider_bottom&quot;:&quot;opacity-tilt&quot;}\">\n\t\t\t\t\t<div class=\"e-con-inner\">\n\t\t\t\t<div class=\"elementor-shape elementor-shape-bottom\" aria-hidden=\"true\" data-negative=\"false\">\n\t\t\t<svg xmlns=\"http:\/\/www.w3.org\/2000\/svg\" viewBox=\"0 0 2600 131.1\" preserveAspectRatio=\"none\">\n\t<path class=\"elementor-shape-fill\" d=\"M0 0L2600 0 2600 69.1 0 0z\"\/>\n\t<path class=\"elementor-shape-fill\" style=\"opacity:0.5\" d=\"M0 0L2600 0 2600 69.1 0 69.1z\"\/>\n\t<path class=\"elementor-shape-fill\" style=\"opacity:0.25\" d=\"M2600 0L0 0 0 130.1 2600 69.1z\"\/>\n<\/svg>\t\t<\/div>\n\t\t<div class=\"elementor-element elementor-element-79e05af e-flex e-con-boxed wpr-particle-no wpr-jarallax-no wpr-parallax-no wpr-sticky-section-no wpr-equal-height-no e-con e-child\" data-id=\"79e05af\" data-element_type=\"container\" data-e-type=\"container\">\n\t\t\t\t\t<div class=\"e-con-inner\">\n\t\t<div class=\"elementor-element elementor-element-e980a9f e-con-full e-flex wpr-particle-no wpr-jarallax-no wpr-parallax-no wpr-sticky-section-no wpr-equal-height-no e-con e-child\" data-id=\"e980a9f\" data-element_type=\"container\" data-e-type=\"container\">\n\t\t\t\t<div class=\"elementor-element elementor-element-f4d27b6 wpr-dual-heading-icon-top elementor-widget elementor-widget-wpr-dual-color-heading\" data-id=\"f4d27b6\" data-element_type=\"widget\" data-e-type=\"widget\" data-widget_type=\"wpr-dual-color-heading.default\">\n\t\t\t\t<div class=\"elementor-widget-container\">\n\t\t\t\t\t\t\t\t<div class=\"wpr-dual-heading-wrap\">\n\t\t\t\t<div class=\"wpr-dual-title-wrap\">\n\t\t\t\t\t<h2 class=\"wpr-dual-title\">\n\t\t\t\t\t\t\t\t\t\t\t<span class=\"first\">Biten<\/span>\n\t\t\t\t\t\t\t\t\t\t\n\t\t\t\t\t\t\t\t\t\t\t<span class=\"second\">Projelerimiz<\/span>\n\t\t\t\t\t\t\t\t\t\t<\/h2>\n\t\t\t\t<\/div>\n\t\t\t\t\n\t\t\t\t\t\t\t\t\t<div class=\"wpr-dual-heading-description\" >Rusya Savunma Bakanl\u0131\u011f\u0131 Schaikowka Askeri Konut ve Sosyal Teknik Binalar\u0131<\/div>\n\t\t\t\t\n\t\t\t\t\n\t\t\t<\/div>\n\t\t\t\t\t\t<\/div>\n\t\t\t\t<\/div>\n\t\t\t\t<\/div>\n\t\t\t\t\t<\/div>\n\t\t\t\t<\/div>\n\t\t\t\t\t<\/div>\n\t\t\t\t<\/div>\n\t\t<div class=\"elementor-element elementor-element-464f9a7 e-flex e-con-boxed wpr-particle-no wpr-jarallax-no wpr-parallax-no wpr-sticky-section-no wpr-equal-height-no elementor-invisible e-con e-parent\" data-id=\"464f9a7\" data-element_type=\"container\" data-e-type=\"container\" data-settings=\"{&quot;animation&quot;:&quot;fadeIn&quot;}\">\n\t\t\t\t\t<div class=\"e-con-inner\">\n\t\t\t\t<div class=\"elementor-element elementor-element-8c5007b elementor-arrows-position-inside elementor-pagination-position-outside elementor-widget elementor-widget-image-carousel\" data-id=\"8c5007b\" data-element_type=\"widget\" data-e-type=\"widget\" data-settings=\"{&quot;image_spacing_custom&quot;:{&quot;unit&quot;:&quot;px&quot;,&quot;size&quot;:5,&quot;sizes&quot;:[]},&quot;navigation&quot;:&quot;both&quot;,&quot;autoplay&quot;:&quot;yes&quot;,&quot;autoplay_speed&quot;:5000,&quot;infinite&quot;:&quot;yes&quot;,&quot;speed&quot;:500,&quot;image_spacing_custom_laptop&quot;:{&quot;unit&quot;:&quot;px&quot;,&quot;size&quot;:&quot;&quot;,&quot;sizes&quot;:[]},&quot;image_spacing_custom_tablet&quot;:{&quot;unit&quot;:&quot;px&quot;,&quot;size&quot;:&quot;&quot;,&quot;sizes&quot;:[]},&quot;image_spacing_custom_mobile&quot;:{&quot;unit&quot;:&quot;px&quot;,&quot;size&quot;:&quot;&quot;,&quot;sizes&quot;:[]}}\" data-widget_type=\"image-carousel.default\">\n\t\t\t\t<div class=\"elementor-widget-container\">\n\t\t\t\t\t\t\t<div class=\"elementor-image-carousel-wrapper swiper\" role=\"region\" aria-roledescription=\"carousel\" aria-label=\"Resim D\u00f6ng\u00fcs\u00fc\" dir=\"ltr\">\n\t\t\t<div class=\"elementor-image-carousel swiper-wrapper swiper-image-stretch\" aria-live=\"off\">\n\t\t\t\t\t\t\t\t<div class=\"swiper-slide\" role=\"group\" aria-roledescription=\"slide\" aria-label=\"1 \/ 5\"><figure class=\"swiper-slide-inner\"><img decoding=\"async\" class=\"swiper-slide-image\" src=\"https:\/\/kareyapi.com\/wp-content\/uploads\/2025\/02\/5-2.jpg\" alt=\"5\" \/><\/figure><\/div><div class=\"swiper-slide\" role=\"group\" aria-roledescription=\"slide\" aria-label=\"2 \/ 5\"><figure class=\"swiper-slide-inner\"><img decoding=\"async\" class=\"swiper-slide-image\" src=\"https:\/\/kareyapi.com\/wp-content\/uploads\/2025\/02\/4-2.jpg\" alt=\"4\" \/><\/figure><\/div><div class=\"swiper-slide\" role=\"group\" aria-roledescription=\"slide\" aria-label=\"3 \/ 5\"><figure class=\"swiper-slide-inner\"><img decoding=\"async\" class=\"swiper-slide-image\" src=\"https:\/\/kareyapi.com\/wp-content\/uploads\/2025\/02\/3-2.jpg\" alt=\"3\" \/><\/figure><\/div><div class=\"swiper-slide\" role=\"group\" aria-roledescription=\"slide\" aria-label=\"4 \/ 5\"><figure class=\"swiper-slide-inner\"><img decoding=\"async\" class=\"swiper-slide-image\" src=\"https:\/\/kareyapi.com\/wp-content\/uploads\/2025\/02\/2-2.jpg\" alt=\"2\" \/><\/figure><\/div><div class=\"swiper-slide\" role=\"group\" aria-roledescription=\"slide\" aria-label=\"5 \/ 5\"><figure class=\"swiper-slide-inner\"><img decoding=\"async\" class=\"swiper-slide-image\" src=\"https:\/\/kareyapi.com\/wp-content\/uploads\/2025\/02\/1-2.jpg\" alt=\"1\" \/><\/figure><\/div>\t\t\t<\/div>\n\t\t\t\t\t\t\t\t\t\t\t\t<div class=\"elementor-swiper-button elementor-swiper-button-prev\" role=\"button\" tabindex=\"0\">\n\t\t\t\t\t\t<svg aria-hidden=\"true\" class=\"e-font-icon-svg e-eicon-chevron-left\" viewBox=\"0 0 1000 1000\" xmlns=\"http:\/\/www.w3.org\/2000\/svg\"><path d=\"M646 125C629 125 613 133 604 142L308 442C296 454 292 471 292 487 292 504 296 521 308 533L604 854C617 867 629 875 646 875 663 875 679 871 692 858 704 846 713 829 713 812 713 796 708 779 692 767L438 487 692 225C700 217 708 204 708 187 708 171 704 154 692 142 675 129 663 125 646 125Z\"><\/path><\/svg>\t\t\t\t\t<\/div>\n\t\t\t\t\t<div class=\"elementor-swiper-button elementor-swiper-button-next\" role=\"button\" tabindex=\"0\">\n\t\t\t\t\t\t<svg aria-hidden=\"true\" class=\"e-font-icon-svg e-eicon-chevron-right\" viewBox=\"0 0 1000 1000\" xmlns=\"http:\/\/www.w3.org\/2000\/svg\"><path d=\"M696 533C708 521 713 504 713 487 713 471 708 454 696 446L400 146C388 133 375 125 354 125 338 125 325 129 313 142 300 154 292 171 292 187 292 204 296 221 308 233L563 492 304 771C292 783 288 800 288 817 288 833 296 850 308 863 321 871 338 875 354 875 371 875 388 867 400 854L696 533Z\"><\/path><\/svg>\t\t\t\t\t<\/div>\n\t\t\t\t\n\t\t\t\t\t\t\t\t\t<div class=\"swiper-pagination\"><\/div>\n\t\t\t\t\t\t\t\t\t<\/div>\n\t\t\t\t\t\t<\/div>\n\t\t\t\t<\/div>\n\t\t\t\t\t<\/div>\n\t\t\t\t<\/div>\n\t\t<div class=\"elementor-element elementor-element-bf8d63b e-flex e-con-boxed wpr-particle-no wpr-jarallax-no wpr-parallax-no wpr-sticky-section-no wpr-equal-height-no elementor-invisible e-con e-parent\" data-id=\"bf8d63b\" data-element_type=\"container\" data-e-type=\"container\" data-settings=\"{&quot;animation&quot;:&quot;fadeIn&quot;}\">\n\t\t\t\t\t<div class=\"e-con-inner\">\n\t\t\t\t<div class=\"elementor-element elementor-element-fabbf86 elementor-widget elementor-widget-text-editor\" data-id=\"fabbf86\" data-element_type=\"widget\" data-e-type=\"widget\" data-widget_type=\"text-editor.default\">\n\t\t\t\t<div class=\"elementor-widget-container\">\n\t\t\t\t\t\t\t\t\t<table width=\"100%\"><tbody><tr><td align=\"right\" width=\"200px\">YER<\/td><td colspan=\"3\" align=\"left\">SCHAIKOWKA-RUSYA<\/td><\/tr><tr><th align=\"right\">\u0130\u015e\u0130N ADI<\/th><th colspan=\"3\" align=\"left\">RUSYA SAVUNMA BAKANLI\u011eI SCHAIKOWA ASKER\u0130 KONUT \u0130N\u015eAATI T\u00dcNEL KALIP+DEM\u0130R+BETON \u0130MALATLARI KISM\u0130 MALZEMEL\u0130 \u0130\u015eC\u0130L\u0130\u011e\u0130<\/th><\/tr><tr><td align=\"right\">\u0130\u015eVEREN F\u0130RMA<\/td><td colspan=\"3\" align=\"left\">PEM CONSORTIUM<\/td><\/tr><tr><td align=\"right\">S\u00d6ZLE\u015eME TAR\u0130H\u0130<\/td><td colspan=\"3\" align=\"left\">31.07.1991<\/td><\/tr><tr><td align=\"right\">\u0130\u015e\u0130N TESL\u0130M TAR\u0130H\u0130<\/td><td colspan=\"3\" align=\"left\">31.03.1992<\/td><\/tr><tr><td align=\"right\">\u0130N\u015eAAT m\u00b2 VE KE\u015eF\u0130<\/td><td align=\"left\">\u0130n\u015faat Alan\u0131<\/td><td>T\u00fcnel Kal\u0131p+Demir+Beton(Yatay D\u00fczlem)<\/td><td>Prekast Montaj\u0131<\/td><\/tr><tr><td align=\"right\">\u00a0<\/td><td align=\"left\">39.500 m\u00b2<\/td><td align=\"left\">118.278 m\u00b2<\/td><td align=\"left\">9.925 m\u00b2<\/td><\/tr><tr><td align=\"right\">TOPLAM KONUT SAYISI<\/td><td colspan=\"3\" align=\"left\">1.056 ADET KONUTUN 350 ADED\u0130<\/td><\/tr><tr><td align=\"right\">PROJE TEKN\u0130K \u00d6ZELL\u0130KLER\u0130<\/td><td colspan=\"3\" align=\"left\">Kaba in\u015faat\u0131n tamam\u0131 T\u00fcnel Kal\u0131p Teknolojisi ile \u0130n\u015fa edilmi\u015ftir.<\/td><\/tr><tr><td align=\"right\">\u015eANT\u0130YE \u015eEF\u0130<\/td><td colspan=\"3\" align=\"left\">KAD\u0130R TOKMAN<\/td><\/tr><tr><td align=\"right\">\u0130\u015e\u0130N TOPLAM KE\u015eF\u0130<\/td><td colspan=\"3\" align=\"left\">645.589,00 DM<\/td><\/tr><\/tbody><\/table>\t\t\t\t\t\t\t\t<\/div>\n\t\t\t\t<\/div>\n\t\t\t\t\t<\/div>\n\t\t\t\t<\/div>\n\t\t\t\t<\/div>\n\t\t","protected":false},"excerpt":{"rendered":"<p>Biten Projelerimiz Rusya Savunma Bakanl\u0131\u011f\u0131 Schaikowka Askeri Konut ve Sosyal Teknik Binalar\u0131 YER SCHAIKOWKA-RUSYA \u0130\u015e\u0130N ADI RUSYA SAVUNMA BAKANLI\u011eI SCHAIKOWA ASKER\u0130 KONUT \u0130N\u015eAATI T\u00dcNEL KALIP+DEM\u0130R+BETON \u0130MALATLARI KISM\u0130 MALZEMEL\u0130 \u0130\u015eC\u0130L\u0130\u011e\u0130 \u0130\u015eVEREN F\u0130RMA PEM CONSORTIUM S\u00d6ZLE\u015eME TAR\u0130H\u0130 31.07.1991 \u0130\u015e\u0130N TESL\u0130M TAR\u0130H\u0130 31.03.1992 \u0130N\u015eAAT m\u00b2 VE KE\u015eF\u0130 \u0130n\u015faat Alan\u0131 T\u00fcnel Kal\u0131p+Demir+Beton(Yatay D\u00fczlem) Prekast Montaj\u0131 \u00a0 39.500 m\u00b2 118.278 m\u00b2 9.925 m\u00b2 TOPLAM KONUT SAYISI 1.056 ADET KONUTUN 350 ADED\u0130 PROJE TEKN\u0130K \u00d6ZELL\u0130KLER\u0130 Kaba in\u015faat\u0131n tamam\u0131 T\u00fcnel Kal\u0131p Teknolojisi ile \u0130n\u015fa edilmi\u015ftir. \u015eANT\u0130YE \u015eEF\u0130 KAD\u0130R TOKMAN \u0130\u015e\u0130N TOPLAM KE\u015eF\u0130 645.589,00 DM<\/p>\n","protected":false},"author":1,"featured_media":777,"parent":0,"menu_order":0,"comment_status":"closed","ping_status":"closed","template":"elementor_canvas","meta":{"footnotes":""},"class_list":["post-775","page","type-page","status-publish","has-post-thumbnail","hentry"],"acf":[],"_links":{"self":[{"href":"https:\/\/kareyapi.com\/index.php?rest_route=\/wp\/v2\/pages\/775","targetHints":{"allow":["GET"]}}],"collection":[{"href":"https:\/\/kareyapi.com\/index.php?rest_route=\/wp\/v2\/pages"}],"about":[{"href":"https:\/\/kareyapi.com\/index.php?rest_route=\/wp\/v2\/types\/page"}],"author":[{"embeddable":true,"href":"https:\/\/kareyapi.com\/index.php?rest_route=\/wp\/v2\/users\/1"}],"replies":[{"embeddable":true,"href":"https:\/\/kareyapi.com\/index.php?rest_route=%2Fwp%2Fv2%2Fcomments&post=775"}],"version-history":[{"count":7,"href":"https:\/\/kareyapi.com\/index.php?rest_route=\/wp\/v2\/pages\/775\/revisions"}],"predecessor-version":[{"id":1325,"href":"https:\/\/kareyapi.com\/index.php?rest_route=\/wp\/v2\/pages\/775\/revisions\/1325"}],"wp:featuredmedia":[{"embeddable":true,"href":"https:\/\/kareyapi.com\/index.php?rest_route=\/wp\/v2\/media\/777"}],"wp:attachment":[{"href":"https:\/\/kareyapi.com\/index.php?rest_route=%2Fwp%2Fv2%2Fmedia&parent=775"}],"curies":[{"name":"wp","href":"https:\/\/api.w.org\/{rel}","templated":true}]}}