{"id":1381,"date":"2025-02-13T10:50:09","date_gmt":"2025-02-13T10:50:09","guid":{"rendered":"http:\/\/kareyapi.com\/?page_id=1381"},"modified":"2025-02-14T12:41:00","modified_gmt":"2025-02-14T12:41:00","slug":"hakkimizda","status":"publish","type":"page","link":"https:\/\/kareyapi.com\/?page_id=1381","title":{"rendered":"Hakk\u0131m\u0131zda"},"content":{"rendered":"\t\t<div data-elementor-type=\"wp-page\" data-elementor-id=\"1381\" class=\"elementor elementor-1381\">\n\t\t\t\t<div class=\"elementor-element elementor-element-b9f9e3a e-flex e-con-boxed wpr-particle-no wpr-jarallax-no wpr-parallax-no wpr-sticky-section-no wpr-equal-height-no e-con e-parent\" data-id=\"b9f9e3a\" data-element_type=\"container\" data-e-type=\"container\" data-settings=\"{&quot;background_background&quot;:&quot;gradient&quot;,&quot;shape_divider_bottom&quot;:&quot;opacity-tilt&quot;}\">\n\t\t\t\t\t<div class=\"e-con-inner\">\n\t\t\t\t<div class=\"elementor-shape elementor-shape-bottom\" aria-hidden=\"true\" data-negative=\"false\">\n\t\t\t<svg xmlns=\"http:\/\/www.w3.org\/2000\/svg\" viewBox=\"0 0 2600 131.1\" preserveAspectRatio=\"none\">\n\t<path class=\"elementor-shape-fill\" d=\"M0 0L2600 0 2600 69.1 0 0z\"\/>\n\t<path class=\"elementor-shape-fill\" style=\"opacity:0.5\" d=\"M0 0L2600 0 2600 69.1 0 69.1z\"\/>\n\t<path class=\"elementor-shape-fill\" style=\"opacity:0.25\" d=\"M2600 0L0 0 0 130.1 2600 69.1z\"\/>\n<\/svg>\t\t<\/div>\n\t\t<div class=\"elementor-element elementor-element-79e05af e-flex e-con-boxed wpr-particle-no wpr-jarallax-no wpr-parallax-no wpr-sticky-section-no wpr-equal-height-no e-con e-child\" data-id=\"79e05af\" data-element_type=\"container\" data-e-type=\"container\">\n\t\t\t\t\t<div class=\"e-con-inner\">\n\t\t<div class=\"elementor-element elementor-element-e980a9f e-con-full e-flex wpr-particle-no wpr-jarallax-no wpr-parallax-no wpr-sticky-section-no wpr-equal-height-no e-con e-child\" data-id=\"e980a9f\" data-element_type=\"container\" data-e-type=\"container\">\n\t\t\t\t<div class=\"elementor-element elementor-element-f4d27b6 wpr-dual-heading-icon-top elementor-widget elementor-widget-wpr-dual-color-heading\" data-id=\"f4d27b6\" data-element_type=\"widget\" data-e-type=\"widget\" data-widget_type=\"wpr-dual-color-heading.default\">\n\t\t\t\t<div class=\"elementor-widget-container\">\n\t\t\t\t\t\t\t\t<div class=\"wpr-dual-heading-wrap\">\n\t\t\t\t<div class=\"wpr-dual-title-wrap\">\n\t\t\t\t\t<h2 class=\"wpr-dual-title\">\n\t\t\t\t\t\t\t\t\t\t\t<span class=\"first\">Hakk\u0131m\u0131zda<\/span>\n\t\t\t\t\t\t\t\t\t\t\n\t\t\t\t\t\t\t\t\t\t<\/h2>\n\t\t\t\t<\/div>\n\t\t\t\t\n\t\t\t\t\n\t\t\t\t\n\t\t\t<\/div>\n\t\t\t\t\t\t<\/div>\n\t\t\t\t<\/div>\n\t\t\t\t<\/div>\n\t\t\t\t\t<\/div>\n\t\t\t\t<\/div>\n\t\t\t\t\t<\/div>\n\t\t\t\t<\/div>\n\t\t<div class=\"elementor-element elementor-element-223ab36 e-flex e-con-boxed wpr-particle-no wpr-jarallax-no wpr-parallax-no wpr-sticky-section-no wpr-equal-height-no e-con e-parent\" data-id=\"223ab36\" data-element_type=\"container\" data-e-type=\"container\">\n\t\t\t\t\t<div class=\"e-con-inner\">\n\t\t\t\t<div class=\"elementor-element elementor-element-b50f70f elementor-widget elementor-widget-text-editor\" data-id=\"b50f70f\" data-element_type=\"widget\" data-e-type=\"widget\" data-widget_type=\"text-editor.default\">\n\t\t\t\t<div class=\"elementor-widget-container\">\n\t\t\t\t\t\t\t\t\t<p class=\"left\">Firmam\u0131z 1989 y\u0131l\u0131nda yurti\u00e7inde ve yurtd\u0131\u015f\u0131nda h\u0131zla geli\u015fen in\u015faat sekt\u00f6r\u00fcm\u00fcz\u00fcn artarak gereksinim duydu\u011fu,uzmanla\u015fm\u0131\u015f yard\u0131mc\u0131 kadrolarla \u00e7al\u0131\u015fma ihtiyac\u0131n\u0131 kar\u015f\u0131lamak amac\u0131yla kurulmu\u015ftur.<\/p><p class=\"left\">\u0130n\u015faat sekt\u00f6r\u00fcn\u00fcn \u00f6nde gelen Firmalar\u0131 ile yola \u00e7\u0131karak ba\u015fta <b>T\u00dcNEL KALIP<\/b>\u00a0teknolojisi ve prefabrike yap\u0131 sistemlerini kullanarak h\u0131zl\u0131 ve kaliteli konut \u00fcretiminde Alt M\u00fcteahhit olarak hizmet vermi\u015ftir.Yurti\u00e7inde Emlak Bankas\u0131 ve Toplu Konut \u0130daresinin y\u00fcr\u00fctt\u00fc\u011f\u00fc uydu kent projelerinde Alt M\u00fcteahhit olarak\u00a0<b>60.000<\/b>\u00a0konutu ba\u015far\u0131 ile bitirmi\u015f, yine bu arada yurtd\u0131\u015f\u0131nda\u00a0<b>Libya\u2019da 1.000<\/b>\u00a0konut,\u00a0<b>Rusya Federasyonu\u2019nda 2.000<\/b>\u00a0konut olmak \u00fczere\u00a0<b>3.000<\/b>\u00a0Konut projesini sorunsuz zaman\u0131nda tamamlam\u0131\u015ft\u0131r.<\/p><p class=\"left\">Sekt\u00f6r\u00fcn geli\u015fen gereksinimleri ve teknolojik ihtiyac\u0131na g\u00f6re <b>END\u00dc\u00dcSTR\u0130YEL KALIP S\u0130STEM\u0130<\/b>\u00a0ile Yurti\u00e7inde yakla\u015f\u0131k 1.400.000 m2 in\u015faat alan\u0131 kapsam\u0131nda,\u00a0<b>\u0130\u015e MERKEZ\u0130, KONUT, OTEL, V\u0130LLA, HASTANE, ALI\u015e VER\u0130\u015e MERKEZ\u0130, SOSYAL TES\u0130SLER, END\u00dcSTR\u0130YEL YAPILAR, FABR\u0130KA VE SANAY\u0130 TES\u0130SLER\u0130<\/b>\u00a0Projelerini ba\u015far\u0131yla tamamlayarak teslim etmi\u015f ve in\u015fa etmeye devam etmektedir.<\/p><p class=\"left\">Firmam\u0131z \u00f6ncelikle g\u00fcven, kalite ve ba\u015far\u0131 politikas\u0131 ile taahh\u00fct etti\u011fi b\u00fct\u00fcn projelerini zaman\u0131nda ve eksiksiz bir \u015fekilde tamamlamay\u0131 hedeflemi\u015f, ba\u015far\u0131 ve g\u00fcvenirli\u011fi prensip edinerek b\u00fcnyesinde kaliteli kadrosu ve ekipman\u0131 ile yoluna devam etmektedir\u2026<\/p>\t\t\t\t\t\t\t\t<\/div>\n\t\t\t\t<\/div>\n\t\t\t\t\t<\/div>\n\t\t\t\t<\/div>\n\t\t<div class=\"elementor-element elementor-element-089b650 e-flex e-con-boxed wpr-particle-no wpr-jarallax-no wpr-parallax-no wpr-sticky-section-no wpr-equal-height-no e-con e-parent\" data-id=\"089b650\" data-element_type=\"container\" data-e-type=\"container\" data-settings=\"{&quot;background_background&quot;:&quot;classic&quot;}\">\n\t\t\t\t\t<div class=\"e-con-inner\">\n\t\t<div class=\"elementor-element elementor-element-afdd412 e-flex e-con-boxed wpr-particle-no wpr-jarallax-no wpr-parallax-no wpr-sticky-section-no wpr-equal-height-no elementor-invisible e-con e-child\" data-id=\"afdd412\" data-element_type=\"container\" data-e-type=\"container\" data-settings=\"{&quot;animation&quot;:&quot;slideInLeft&quot;}\">\n\t\t\t\t\t<div class=\"e-con-inner\">\n\t\t\t\t<div class=\"elementor-element elementor-element-f04286a elementor-widget elementor-widget-heading\" data-id=\"f04286a\" data-element_type=\"widget\" data-e-type=\"widget\" data-widget_type=\"heading.default\">\n\t\t\t\t<div class=\"elementor-widget-container\">\n\t\t\t\t\t<h2 class=\"elementor-heading-title elementor-size-default\">Misyonumuz<\/h2>\t\t\t\t<\/div>\n\t\t\t\t<\/div>\n\t\t\t\t<div class=\"elementor-element elementor-element-42259a3 elementor-widget elementor-widget-text-editor\" data-id=\"42259a3\" data-element_type=\"widget\" data-e-type=\"widget\" data-widget_type=\"text-editor.default\">\n\t\t\t\t<div class=\"elementor-widget-container\">\n\t\t\t\t\t\t\t\t\t<ul><li class=\"left\">Hedefimiz, sahip oldu\u011fumuz deneyim ve bilgiler \u0131\u015f\u0131\u011f\u0131nda modern in\u015faat teknolojilerine uygun, g\u00fcvenli, ekonomik ve \u00e7a\u011fda\u015f projeler ve \u00e7\u00f6z\u00fcmler \u00fcretmektedir.\u0130\u00e7inde ya\u015fad\u0131\u011f\u0131m\u0131z binalar\u0131n depreme ve di\u011fer i\u00e7-d\u0131\u015f etkenlere kar\u015f\u0131 g\u00fcvenli olmas\u0131 hepimizin iste\u011fidir. Bu iste\u011fi yerine getirecek ki\u015filerse \u00f6ncelikle projeci in\u015faat m\u00fchendisleri ve ard\u0131ndan m\u00fcteahhit firmalard\u0131r. Bu noktada en b\u00fcy\u00fck sorumluluk proje m\u00fchendislerine d\u00fc\u015fer \u00e7\u00fcnk\u00fc do\u011fru projelendirilmi\u015f bir bina, in\u015faat a\u015famas\u0131nda m\u00fcteahhitlik ve aplikasyon hatalar\u0131n\u0131 kald\u0131rabilir. Bu nedenle t\u00fcm proje m\u00fchendislerinin \u00e7ok b\u00fcy\u00fck bir sorumluluk duygusu i\u00e7inde, ellerindeki en iyi teknolojiyi kullanmaya gayret g\u00f6stererek ve her projeye gereken \u00f6nemi vererek \u00e7al\u0131\u015fmalar\u0131n\u0131 s\u00fcrd\u00fcrmeleri gerekir.<\/li><li class=\"left\">Betonarme ve Y\u0131\u011fma yap\u0131lar, \u00c7elik ve Ah\u015fap yap\u0131lar, T\u00fcnel Kal\u0131p Sistemler, Prefabrike Yap\u0131lar, \u00d6ngermeli ve Artgermeli sistemler konular\u0131nda uluslararas\u0131 standart ve y\u00f6netmeliklere uygun olarak TS500, SNIP, DIN, EUROCODE, ACI, BS Statik ve Dinamik, Lineer ve Nonlineer analizler yapmak, analiz sonu\u00e7lar\u0131na g\u00f6re yap\u0131sal modeli ortaya koyarak mimari tasar\u0131mlara paralel plan ve detaylar\u0131 haz\u0131rlamak, maliyet analizlerini hesaplamak konular\u0131nda in\u015faat sanayisine hizmet vermektedir..<\/li><\/ul>\t\t\t\t\t\t\t\t<\/div>\n\t\t\t\t<\/div>\n\t\t\t\t\t<\/div>\n\t\t\t\t<\/div>\n\t\t\t\t\t<\/div>\n\t\t\t\t<\/div>\n\t\t<div class=\"elementor-element elementor-element-2552358 e-flex e-con-boxed wpr-particle-no wpr-jarallax-no wpr-parallax-no wpr-sticky-section-no wpr-equal-height-no e-con e-parent\" data-id=\"2552358\" data-element_type=\"container\" data-e-type=\"container\" data-settings=\"{&quot;background_background&quot;:&quot;classic&quot;}\">\n\t\t\t\t\t<div class=\"e-con-inner\">\n\t\t<div class=\"elementor-element elementor-element-3b84ca9 e-flex e-con-boxed wpr-particle-no wpr-jarallax-no wpr-parallax-no wpr-sticky-section-no wpr-equal-height-no elementor-invisible e-con e-child\" data-id=\"3b84ca9\" data-element_type=\"container\" data-e-type=\"container\" data-settings=\"{&quot;animation&quot;:&quot;slideInLeft&quot;}\">\n\t\t\t\t\t<div class=\"e-con-inner\">\n\t\t\t\t<div class=\"elementor-element elementor-element-b1ec455 elementor-widget elementor-widget-heading\" data-id=\"b1ec455\" data-element_type=\"widget\" data-e-type=\"widget\" data-widget_type=\"heading.default\">\n\t\t\t\t<div class=\"elementor-widget-container\">\n\t\t\t\t\t<h2 class=\"elementor-heading-title elementor-size-default\">Vizyonumuz<\/h2>\t\t\t\t<\/div>\n\t\t\t\t<\/div>\n\t\t\t\t<div class=\"elementor-element elementor-element-e2f614d elementor-widget elementor-widget-text-editor\" data-id=\"e2f614d\" data-element_type=\"widget\" data-e-type=\"widget\" data-widget_type=\"text-editor.default\">\n\t\t\t\t<div class=\"elementor-widget-container\">\n\t\t\t\t\t\t\t\t\t<p class=\"left\">\u0130n\u015faat sekt\u00f6r\u00fcnde, uzman teknik kadromuz ve kaliteli imalatlar\u0131m\u0131z nedeniyle tercih edilir bir in\u015faat taahh\u00fct firmas\u0131 olarak nitelikli ve b\u00fcy\u00fck projelere imza atmakt\u0131r. Bu vizyonumuz gere\u011fi;<\/p><p class=\"left\">\u2022 De\u011fi\u015fen m\u00fc\u015fteri beklentilerine h\u0131zl\u0131 bir \u015fekilde cevap verebilmek i\u00e7in s\u00fcrekli iyile\u015ftirme faaliyetlerini etkin olarak s\u00fcrd\u00fcrmek,<\/p><p class=\"left\">\u2022 Kaliteli ve optimum maliyetli hizmet sunmak amac\u0131yla dinamik ve uzman kadromuzun kalitelerini y\u00fckseltmelerini sa\u011flamak,<\/p><p class=\"left\">\u2022 Kaynaklar\u0131m\u0131z\u0131 en etkin ve verimli bir \u015fekilde kullanmak,<\/p><p class=\"left\">\u2022 Performans\u0131m\u0131z\u0131 ve rekabet g\u00fcc\u00fcm\u00fcz\u00fc en y\u00fcksek d\u00fczeye \u00e7\u0131kararak, sorumluluk sahibi, sekt\u00f6re pozitif katk\u0131 sa\u011flayan bir firma olarak hizmet vermektir.<\/p>\t\t\t\t\t\t\t\t<\/div>\n\t\t\t\t<\/div>\n\t\t\t\t\t<\/div>\n\t\t\t\t<\/div>\n\t\t\t\t\t<\/div>\n\t\t\t\t<\/div>\n\t\t<div class=\"elementor-element elementor-element-f4b059b e-flex e-con-boxed wpr-particle-no wpr-jarallax-no wpr-parallax-no wpr-sticky-section-no wpr-equal-height-no e-con e-parent\" data-id=\"f4b059b\" data-element_type=\"container\" data-e-type=\"container\" data-settings=\"{&quot;background_background&quot;:&quot;classic&quot;}\">\n\t\t\t\t\t<div class=\"e-con-inner\">\n\t\t<div class=\"elementor-element elementor-element-38b63e0 e-flex e-con-boxed wpr-particle-no wpr-jarallax-no wpr-parallax-no wpr-sticky-section-no wpr-equal-height-no elementor-invisible e-con e-child\" data-id=\"38b63e0\" data-element_type=\"container\" data-e-type=\"container\" data-settings=\"{&quot;animation&quot;:&quot;slideInLeft&quot;}\">\n\t\t\t\t\t<div class=\"e-con-inner\">\n\t\t\t\t<div class=\"elementor-element elementor-element-3adc49e elementor-widget elementor-widget-heading\" data-id=\"3adc49e\" data-element_type=\"widget\" data-e-type=\"widget\" data-widget_type=\"heading.default\">\n\t\t\t\t<div class=\"elementor-widget-container\">\n\t\t\t\t\t<h2 class=\"elementor-heading-title elementor-size-default\">De\u011ferlerimiz<\/h2>\t\t\t\t<\/div>\n\t\t\t\t<\/div>\n\t\t\t\t<div class=\"elementor-element elementor-element-6cf926d elementor-widget elementor-widget-text-editor\" data-id=\"6cf926d\" data-element_type=\"widget\" data-e-type=\"widget\" data-widget_type=\"text-editor.default\">\n\t\t\t\t<div class=\"elementor-widget-container\">\n\t\t\t\t\t\t\t\t\t<p class=\"left\">\u2022 D\u00fcr\u00fcstl\u00fck<\/p><p class=\"left\">\u2022 G\u00fcvenilirlik<\/p><p class=\"left\">\u2022 \u015eeffafl\u0131k<\/p><p class=\"left\">\u2022 Ayr\u0131cal\u0131kl\u0131 \u00e7\u00f6z\u00fcmler sunmak<\/p><p class=\"left\">\u2022 M\u00fckemmeliyet<\/p><p class=\"left\">\u2022 Kar\u015f\u0131l\u0131kl\u0131 sevgi ve sayg\u0131<\/p><p class=\"left\">\u2022 M\u00fc\u015fteri ve \u00e7al\u0131\u015fanlar\u0131n mutlulu\u011fu<\/p>\t\t\t\t\t\t\t\t<\/div>\n\t\t\t\t<\/div>\n\t\t\t\t\t<\/div>\n\t\t\t\t<\/div>\n\t\t\t\t\t<\/div>\n\t\t\t\t<\/div>\n\t\t\t\t<\/div>\n\t\t","protected":false},"excerpt":{"rendered":"<p>Hakk\u0131m\u0131zda Firmam\u0131z 1989 y\u0131l\u0131nda yurti\u00e7inde ve yurtd\u0131\u015f\u0131nda h\u0131zla geli\u015fen in\u015faat sekt\u00f6r\u00fcm\u00fcz\u00fcn artarak gereksinim duydu\u011fu,uzmanla\u015fm\u0131\u015f yard\u0131mc\u0131 kadrolarla \u00e7al\u0131\u015fma ihtiyac\u0131n\u0131 kar\u015f\u0131lamak amac\u0131yla kurulmu\u015ftur. \u0130n\u015faat sekt\u00f6r\u00fcn\u00fcn \u00f6nde gelen Firmalar\u0131 ile yola \u00e7\u0131karak ba\u015fta T\u00dcNEL KALIP\u00a0teknolojisi ve prefabrike yap\u0131 sistemlerini kullanarak h\u0131zl\u0131 ve kaliteli konut \u00fcretiminde Alt M\u00fcteahhit olarak hizmet vermi\u015ftir.Yurti\u00e7inde Emlak Bankas\u0131 ve Toplu Konut \u0130daresinin y\u00fcr\u00fctt\u00fc\u011f\u00fc uydu kent projelerinde Alt M\u00fcteahhit olarak\u00a060.000\u00a0konutu ba\u015far\u0131 ile bitirmi\u015f, yine bu arada yurtd\u0131\u015f\u0131nda\u00a0Libya\u2019da 1.000\u00a0konut,\u00a0Rusya Federasyonu\u2019nda 2.000\u00a0konut olmak \u00fczere\u00a03.000\u00a0Konut projesini sorunsuz zaman\u0131nda tamamlam\u0131\u015ft\u0131r. Sekt\u00f6r\u00fcn geli\u015fen gereksinimleri ve teknolojik ihtiyac\u0131na g\u00f6re END\u00dc\u00dcSTR\u0130YEL KALIP S\u0130STEM\u0130\u00a0ile Yurti\u00e7inde yakla\u015f\u0131k 1.400.000 m2 in\u015faat alan\u0131 kapsam\u0131nda,\u00a0\u0130\u015e MERKEZ\u0130, KONUT, OTEL, V\u0130LLA, HASTANE, ALI\u015e VER\u0130\u015e MERKEZ\u0130, SOSYAL TES\u0130SLER, END\u00dcSTR\u0130YEL YAPILAR, FABR\u0130KA VE SANAY\u0130 TES\u0130SLER\u0130\u00a0Projelerini ba\u015far\u0131yla tamamlayarak teslim etmi\u015f ve in\u015fa etmeye devam etmektedir. Firmam\u0131z \u00f6ncelikle g\u00fcven, kalite ve ba\u015far\u0131 politikas\u0131 ile taahh\u00fct etti\u011fi b\u00fct\u00fcn projelerini zaman\u0131nda ve eksiksiz bir \u015fekilde tamamlamay\u0131 hedeflemi\u015f, ba\u015far\u0131 ve g\u00fcvenirli\u011fi prensip edinerek b\u00fcnyesinde kaliteli kadrosu ve ekipman\u0131 ile yoluna devam etmektedir\u2026 Misyonumuz Hedefimiz, sahip oldu\u011fumuz deneyim ve bilgiler \u0131\u015f\u0131\u011f\u0131nda modern in\u015faat teknolojilerine uygun, g\u00fcvenli, ekonomik ve \u00e7a\u011fda\u015f projeler ve \u00e7\u00f6z\u00fcmler \u00fcretmektedir.\u0130\u00e7inde ya\u015fad\u0131\u011f\u0131m\u0131z binalar\u0131n depreme ve di\u011fer i\u00e7-d\u0131\u015f etkenlere kar\u015f\u0131 g\u00fcvenli olmas\u0131 hepimizin iste\u011fidir. Bu iste\u011fi yerine getirecek ki\u015filerse \u00f6ncelikle projeci in\u015faat m\u00fchendisleri ve ard\u0131ndan m\u00fcteahhit firmalard\u0131r. Bu noktada en b\u00fcy\u00fck sorumluluk proje m\u00fchendislerine d\u00fc\u015fer \u00e7\u00fcnk\u00fc do\u011fru projelendirilmi\u015f bir bina, in\u015faat a\u015famas\u0131nda m\u00fcteahhitlik ve aplikasyon hatalar\u0131n\u0131 kald\u0131rabilir. Bu nedenle t\u00fcm proje m\u00fchendislerinin \u00e7ok b\u00fcy\u00fck bir sorumluluk duygusu i\u00e7inde, ellerindeki en iyi teknolojiyi kullanmaya gayret g\u00f6stererek ve her projeye gereken \u00f6nemi vererek \u00e7al\u0131\u015fmalar\u0131n\u0131 s\u00fcrd\u00fcrmeleri gerekir. Betonarme ve Y\u0131\u011fma yap\u0131lar, \u00c7elik ve Ah\u015fap yap\u0131lar, T\u00fcnel Kal\u0131p Sistemler, Prefabrike Yap\u0131lar, \u00d6ngermeli ve Artgermeli sistemler konular\u0131nda uluslararas\u0131 standart ve y\u00f6netmeliklere uygun olarak TS500, SNIP, DIN, EUROCODE, ACI, BS Statik ve Dinamik, Lineer ve Nonlineer analizler yapmak, analiz sonu\u00e7lar\u0131na g\u00f6re yap\u0131sal modeli ortaya koyarak mimari tasar\u0131mlara paralel plan ve detaylar\u0131 haz\u0131rlamak, maliyet analizlerini hesaplamak konular\u0131nda in\u015faat sanayisine hizmet vermektedir.. Vizyonumuz \u0130n\u015faat sekt\u00f6r\u00fcnde, uzman teknik kadromuz ve kaliteli imalatlar\u0131m\u0131z nedeniyle tercih edilir bir in\u015faat taahh\u00fct firmas\u0131 olarak nitelikli ve b\u00fcy\u00fck projelere imza atmakt\u0131r. Bu vizyonumuz gere\u011fi; \u2022 De\u011fi\u015fen m\u00fc\u015fteri beklentilerine h\u0131zl\u0131 bir \u015fekilde cevap verebilmek i\u00e7in s\u00fcrekli iyile\u015ftirme faaliyetlerini etkin olarak s\u00fcrd\u00fcrmek, \u2022 Kaliteli ve optimum maliyetli hizmet sunmak amac\u0131yla dinamik ve uzman kadromuzun kalitelerini y\u00fckseltmelerini sa\u011flamak, \u2022 Kaynaklar\u0131m\u0131z\u0131 en etkin ve verimli bir \u015fekilde kullanmak, \u2022 Performans\u0131m\u0131z\u0131 ve rekabet g\u00fcc\u00fcm\u00fcz\u00fc en y\u00fcksek d\u00fczeye \u00e7\u0131kararak, sorumluluk sahibi, sekt\u00f6re pozitif katk\u0131 sa\u011flayan bir firma olarak hizmet vermektir. De\u011ferlerimiz \u2022 D\u00fcr\u00fcstl\u00fck \u2022 G\u00fcvenilirlik \u2022 \u015eeffafl\u0131k \u2022 Ayr\u0131cal\u0131kl\u0131 \u00e7\u00f6z\u00fcmler sunmak \u2022 M\u00fckemmeliyet \u2022 Kar\u015f\u0131l\u0131kl\u0131 sevgi ve sayg\u0131 \u2022 M\u00fc\u015fteri ve \u00e7al\u0131\u015fanlar\u0131n mutlulu\u011fu<\/p>\n","protected":false},"author":1,"featured_media":0,"parent":0,"menu_order":0,"comment_status":"closed","ping_status":"closed","template":"elementor_canvas","meta":{"footnotes":""},"class_list":["post-1381","page","type-page","status-publish","hentry"],"acf":[],"_links":{"self":[{"href":"https:\/\/kareyapi.com\/index.php?rest_route=\/wp\/v2\/pages\/1381","targetHints":{"allow":["GET"]}}],"collection":[{"href":"https:\/\/kareyapi.com\/index.php?rest_route=\/wp\/v2\/pages"}],"about":[{"href":"https:\/\/kareyapi.com\/index.php?rest_route=\/wp\/v2\/types\/page"}],"author":[{"embeddable":true,"href":"https:\/\/kareyapi.com\/index.php?rest_route=\/wp\/v2\/users\/1"}],"replies":[{"embeddable":true,"href":"https:\/\/kareyapi.com\/index.php?rest_route=%2Fwp%2Fv2%2Fcomments&post=1381"}],"version-history":[{"count":16,"href":"https:\/\/kareyapi.com\/index.php?rest_route=\/wp\/v2\/pages\/1381\/revisions"}],"predecessor-version":[{"id":1509,"href":"https:\/\/kareyapi.com\/index.php?rest_route=\/wp\/v2\/pages\/1381\/revisions\/1509"}],"wp:attachment":[{"href":"https:\/\/kareyapi.com\/index.php?rest_route=%2Fwp%2Fv2%2Fmedia&parent=1381"}],"curies":[{"name":"wp","href":"https:\/\/api.w.org\/{rel}","templated":true}]}}